{"id":27,"date":"2012-07-18T09:40:52","date_gmt":"2012-07-18T06:40:52","guid":{"rendered":"http:\/\/kermajar.asiakkaat.sigmatic.fi\/?page_id=27"},"modified":"2021-04-27T12:26:21","modified_gmt":"2021-04-27T09:26:21","slug":"osakaskunnat","status":"publish","type":"page","link":"https:\/\/www.kermajarvi.fi\/?page_id=27","title":{"rendered":"Osakaskunnat"},"content":{"rendered":"<table border=\"0\" cellspacing=\"10\">\n<tbody>\n<tr>\n<td width=\"250\"><strong>Etel\u00e4 \u2013 Petruma ok<\/strong><\/td>\n<td><strong>Hasum\u00e4en ok<\/strong><\/td>\n<\/tr>\n<tr>\n<td><strong>Hein\u00e4veden l\u00e4ntinen ok<\/strong><\/td>\n<td><strong>Juoj\u00e4rven ok<\/strong><\/td>\n<\/tr>\n<tr>\n<td><strong>Kangaslammen ok<\/strong><\/td>\n<td><strong>Karvio 1-10, 30, 31 ok<\/strong><\/td>\n<\/tr>\n<tr>\n<td><strong>Karvion ok<\/strong><\/td>\n<td><strong>Kirkonkyl\u00e4 ok<\/strong><\/td>\n<\/tr>\n<tr>\n<td><strong>Lepikkom\u00e4en ok<\/strong><\/td>\n<td><strong>M\u00e4kel\u00e4n ok<\/strong><\/td>\n<\/tr>\n<tr>\n<td><strong>Pakarilan ok<\/strong><\/td>\n<td><strong>Pet\u00e4j\u00e4j\u00e4rven ok<\/strong><\/td>\n<\/tr>\n<tr>\n<td><strong>Pilpan ok<\/strong><\/td>\n<td><strong>Rantalan ok<\/strong><\/td>\n<\/tr>\n<tr>\n<td><strong>Ruunalehdon ok<\/strong><\/td>\n<td><strong>Ruuttalan ok<\/strong><\/td>\n<\/tr>\n<tr>\n<td><strong>Sarvikumpu ok<\/strong><\/td>\n<td><strong>Silmu ok<\/strong><\/td>\n<\/tr>\n<tr>\n<td><strong>Tetrivaaran ok<\/strong><\/td>\n<td><strong>Vihtari 9:21 \u2013 9:22 ok<\/strong><\/td>\n<\/tr>\n<tr>\n<td><strong>Vihtari 9:23 \u2013 9:24 ok<\/strong><\/td>\n<td><strong>Viitalahden ok<\/strong><\/td>\n<\/tr>\n<tr>\n<td><strong>Mets\u00e4hallitus<\/strong><\/td>\n<td><\/td>\n<\/tr>\n<\/tbody>\n<\/table>\n<p><!-- [if gte mso 9]><xml>\n<o:DocumentProperties>\n<o:Version>14.00<\/o:Version>\n<\/o:DocumentProperties>\n<o:OfficeDocumentSettings>\n<o:TargetScreenSize>800x600<\/o:TargetScreenSize>\n<\/o:OfficeDocumentSettings>\n<\/xml><![endif]--><\/p>\n<p>Ohessa excel-dokumentti, josta n\u00e4et tarkat tiedot kaikista Kermaj\u00e4rven osakaskunnista:<\/p>\n<p><a href=\"http:\/\/kermajarvi.fi\/wp-content\/uploads\/2012\/07\/Osakaskuntalista.xls\" target=\"_blank\" rel=\"noopener noreferrer\">Osakaskuntalista<\/a><\/p>\n","protected":false},"excerpt":{"rendered":"<p>Etel\u00e4 \u2013 Petruma ok Hasum\u00e4en ok Hein\u00e4veden l\u00e4ntinen ok Juoj\u00e4rven ok Kangaslammen ok Karvio 1-10, 30, 31 ok Karvion ok Kirkonkyl\u00e4 ok Lepikkom\u00e4en ok M\u00e4kel\u00e4n ok Pakarilan ok Pet\u00e4j\u00e4j\u00e4rven ok Pilpan ok Rantalan ok Ruunalehdon ok Ruuttalan ok Sarvikumpu ok Silmu ok Tetrivaaran ok Vihtari 9:21 \u2013 9:22 ok Vihtari 9:23 \u2013 9:24 ok Viitalahden [&hellip;]<\/p>\n","protected":false},"author":1,"featured_media":0,"parent":31,"menu_order":3,"comment_status":"open","ping_status":"open","template":"yleinen_sivupohja.php","meta":{"footnotes":""},"class_list":["post-27","page","type-page","status-publish","hentry"],"_links":{"self":[{"href":"https:\/\/www.kermajarvi.fi\/index.php?rest_route=\/wp\/v2\/pages\/27","targetHints":{"allow":["GET"]}}],"collection":[{"href":"https:\/\/www.kermajarvi.fi\/index.php?rest_route=\/wp\/v2\/pages"}],"about":[{"href":"https:\/\/www.kermajarvi.fi\/index.php?rest_route=\/wp\/v2\/types\/page"}],"author":[{"embeddable":true,"href":"https:\/\/www.kermajarvi.fi\/index.php?rest_route=\/wp\/v2\/users\/1"}],"replies":[{"embeddable":true,"href":"https:\/\/www.kermajarvi.fi\/index.php?rest_route=%2Fwp%2Fv2%2Fcomments&post=27"}],"version-history":[{"count":17,"href":"https:\/\/www.kermajarvi.fi\/index.php?rest_route=\/wp\/v2\/pages\/27\/revisions"}],"predecessor-version":[{"id":480,"href":"https:\/\/www.kermajarvi.fi\/index.php?rest_route=\/wp\/v2\/pages\/27\/revisions\/480"}],"up":[{"embeddable":true,"href":"https:\/\/www.kermajarvi.fi\/index.php?rest_route=\/wp\/v2\/pages\/31"}],"wp:attachment":[{"href":"https:\/\/www.kermajarvi.fi\/index.php?rest_route=%2Fwp%2Fv2%2Fmedia&parent=27"}],"curies":[{"name":"wp","href":"https:\/\/api.w.org\/{rel}","templated":true}]}}