{"id":267,"date":"2015-04-23T08:56:25","date_gmt":"2015-04-23T05:56:25","guid":{"rendered":"http:\/\/www.kermajarvi.fi\/?page_id=267"},"modified":"2024-05-13T08:51:06","modified_gmt":"2024-05-13T05:51:06","slug":"267-2","status":"publish","type":"page","link":"https:\/\/www.kermajarvi.fi\/?page_id=267","title":{"rendered":"Kermankosken-Vihovuonteen lupa-alue"},"content":{"rendered":"<p>Kermankosken-Vihovuonteen lupa-alueen j\u00e4rjestelyist\u00e4 vastaavat Hasum\u00e4ki 2<\/p>\n<p>ja Kerman koskiosuuskunnat itsen\u00e4isesti.<\/p>\n<p>Alla olevista tiedostoista l\u00f6ytyv\u00e4t kartta lupa-alueesta,<\/p>\n<p>tiedot luvanmyynnist\u00e4 ja kalastusta koskevista s\u00e4\u00e4nn\u00f6ist\u00e4.<\/p>\n<p><a href=\"http:\/\/www.kermajarvi.fi\/wp-content\/uploads\/2022\/05\/kerma-vihovuonne-kartta.pdf\" target=\"_blank\" rel=\"noopener noreferrer\">Kermankosken-Vihovuonteen lupa-alue, kartta (PDF)<\/a><\/p>\n<p><a href=\"https:\/\/www.kermajarvi.fi\/wp-content\/uploads\/2024\/05\/KermankoskiVihovuonnes\u00e4\u00e4nn\u00f6t2024.pdf\" target=\"_blank\" rel=\"noopener noreferrer\">Kerma-Vihovuonne s\u00e4\u00e4nn\u00f6t (PDF)<\/a><\/p>\n<p><a href=\"https:\/\/www.kermajarvi.fi\/wp-content\/uploads\/2024\/05\/KermankoskiVihovuonnerules2024.pdf\" target=\"_blank\" rel=\"noopener noreferrer\">Kerma-Vihovuonne saannot english (PDF)<\/a><\/p>\n<p><a href=\"https:\/\/www.kermajarvi.fi\/wp-content\/uploads\/2024\/05\/KermankoskiVihovuonnes\u00e4\u00e4nn\u00f6t2024rus.pdf\" target=\"_blank\" rel=\"noopener noreferrer\">Kerma-Vihovuonne s\u00e4\u00e4nn\u00f6t ven\u00e4j\u00e4\u00a0 (PDF)<\/a><\/p>\n<p>Adobe Reader<\/p>\n<p>Mik\u00e4li selaimesi ei tue PDF-tiedostoja, niin ohjelman niiden lukemiseen voi ladata ilmaiseksi Adoben sivuilta.<br \/>\n<a href=\"http:\/\/get.adobe.com\/fi\/reader\/\" target=\"_blank\" rel=\"noopener noreferrer\">Lataa<\/a><\/p>\n<p><span style=\"font-size: 2em;\">Palautelomake<\/span><\/p>\n<p>Tietoja k\u00e4ytet\u00e4\u00e4n alueen kehitt\u00e4miseen ja kalakannan seurantaan.<\/p>\n<p>Voit l\u00e4hett\u00e4\u00e4 lomakkeen my\u00f6s nimett\u00f6m\u00e4n\u00e4.<\/p>\n","protected":false},"excerpt":{"rendered":"<p>Kermankosken-Vihovuonteen lupa-alueen j\u00e4rjestelyist\u00e4 vastaavat Hasum\u00e4ki 2 ja Kerman koskiosuuskunnat itsen\u00e4isesti. Alla olevista tiedostoista l\u00f6ytyv\u00e4t kartta lupa-alueesta, tiedot luvanmyynnist\u00e4 ja kalastusta koskevista s\u00e4\u00e4nn\u00f6ist\u00e4. Kermankosken-Vihovuonteen lupa-alue, kartta (PDF) Kerma-Vihovuonne s\u00e4\u00e4nn\u00f6t (PDF) Kerma-Vihovuonne saannot english (PDF) Kerma-Vihovuonne s\u00e4\u00e4nn\u00f6t ven\u00e4j\u00e4\u00a0 (PDF) Adobe Reader Mik\u00e4li selaimesi ei tue PDF-tiedostoja, niin ohjelman niiden lukemiseen voi ladata ilmaiseksi Adoben sivuilta. Lataa Palautelomake [&hellip;]<\/p>\n","protected":false},"author":2,"featured_media":0,"parent":0,"menu_order":7,"comment_status":"open","ping_status":"open","template":"palaute_sivupohja.php","meta":{"footnotes":""},"class_list":["post-267","page","type-page","status-publish","hentry"],"_links":{"self":[{"href":"https:\/\/www.kermajarvi.fi\/index.php?rest_route=\/wp\/v2\/pages\/267","targetHints":{"allow":["GET"]}}],"collection":[{"href":"https:\/\/www.kermajarvi.fi\/index.php?rest_route=\/wp\/v2\/pages"}],"about":[{"href":"https:\/\/www.kermajarvi.fi\/index.php?rest_route=\/wp\/v2\/types\/page"}],"author":[{"embeddable":true,"href":"https:\/\/www.kermajarvi.fi\/index.php?rest_route=\/wp\/v2\/users\/2"}],"replies":[{"embeddable":true,"href":"https:\/\/www.kermajarvi.fi\/index.php?rest_route=%2Fwp%2Fv2%2Fcomments&post=267"}],"version-history":[{"count":43,"href":"https:\/\/www.kermajarvi.fi\/index.php?rest_route=\/wp\/v2\/pages\/267\/revisions"}],"predecessor-version":[{"id":550,"href":"https:\/\/www.kermajarvi.fi\/index.php?rest_route=\/wp\/v2\/pages\/267\/revisions\/550"}],"wp:attachment":[{"href":"https:\/\/www.kermajarvi.fi\/index.php?rest_route=%2Fwp%2Fv2%2Fmedia&parent=267"}],"curies":[{"name":"wp","href":"https:\/\/api.w.org\/{rel}","templated":true}]}}