{"id":2,"date":"2012-07-18T05:22:02","date_gmt":"2012-07-18T05:22:02","guid":{"rendered":"http:\/\/kermajar.asiakkaat.sigmatic.fi\/?page_id=2"},"modified":"2026-05-07T20:27:35","modified_gmt":"2026-05-07T17:27:35","slug":"etusivu","status":"publish","type":"page","link":"https:\/\/www.kermajarvi.fi\/","title":{"rendered":"Etusivu"},"content":{"rendered":"\n<h3 class=\"wp-block-heading\">Kermaj\u00e4rven kalastusalue<\/h3>\n\n\n\n<p>P\u00e4ivitys 19.11.2023<\/p>\n\n\n\n<p>P\u00e4ivitetty viehekalastusalueen s\u00e4\u00e4nn\u00f6t.<br>Huom! Tilinumero on muuttunut!<\/p>\n","protected":false},"excerpt":{"rendered":"<p>Kermaj\u00e4rven kalastusalue P\u00e4ivitys 19.11.2023 P\u00e4ivitetty viehekalastusalueen s\u00e4\u00e4nn\u00f6t.Huom! Tilinumero on muuttunut!<\/p>\n","protected":false},"author":1,"featured_media":0,"parent":0,"menu_order":1,"comment_status":"open","ping_status":"open","template":"yleinen_sivupohja.php","meta":{"footnotes":""},"class_list":["post-2","page","type-page","status-publish","hentry"],"_links":{"self":[{"href":"https:\/\/www.kermajarvi.fi\/index.php?rest_route=\/wp\/v2\/pages\/2","targetHints":{"allow":["GET"]}}],"collection":[{"href":"https:\/\/www.kermajarvi.fi\/index.php?rest_route=\/wp\/v2\/pages"}],"about":[{"href":"https:\/\/www.kermajarvi.fi\/index.php?rest_route=\/wp\/v2\/types\/page"}],"author":[{"embeddable":true,"href":"https:\/\/www.kermajarvi.fi\/index.php?rest_route=\/wp\/v2\/users\/1"}],"replies":[{"embeddable":true,"href":"https:\/\/www.kermajarvi.fi\/index.php?rest_route=%2Fwp%2Fv2%2Fcomments&post=2"}],"version-history":[{"count":4,"href":"https:\/\/www.kermajarvi.fi\/index.php?rest_route=\/wp\/v2\/pages\/2\/revisions"}],"predecessor-version":[{"id":727,"href":"https:\/\/www.kermajarvi.fi\/index.php?rest_route=\/wp\/v2\/pages\/2\/revisions\/727"}],"wp:attachment":[{"href":"https:\/\/www.kermajarvi.fi\/index.php?rest_route=%2Fwp%2Fv2%2Fmedia&parent=2"}],"curies":[{"name":"wp","href":"https:\/\/api.w.org\/{rel}","templated":true}]}}