{"id":189,"date":"2014-06-02T15:06:48","date_gmt":"2014-06-02T12:06:48","guid":{"rendered":"http:\/\/kermajarvi.fi\/?page_id=189"},"modified":"2023-11-19T13:52:23","modified_gmt":"2023-11-19T11:52:23","slug":"viehekalastusalue","status":"publish","type":"page","link":"https:\/\/www.kermajarvi.fi\/?page_id=189","title":{"rendered":"Viehekalastusalue"},"content":{"rendered":"<p>Ohessa olevat dokumentit aukeavat linkki\u00e4 painamalla uuteen ikkunaan.<\/p>\n<p>Viehekalastusalue ja veneluistat :<\/p>\n<p><a href=\"http:\/\/kermajarvi.fi\/wp-content\/uploads\/2014\/06\/kermajarven_viehekalastusalue.pdf\" target=\"_blank\" rel=\"noopener noreferrer\">Viehekalastusalueen kartta<\/a>\u00a0(PDF)<\/p>\n<p><a href=\"https:\/\/www.kermajarvi.fi\/wp-content\/uploads\/2023\/11\/viehekalastusalue-saannot-11.23..pdf\" target=\"_blank\" rel=\"noopener noreferrer\">Viehekalastusalue s\u00e4\u00e4nn\u00f6t <\/a> (PDF)<br \/>\nHuom! Tilinumero on muuttunut!<\/p>\n<p><!--\nS\u00e4\u00e4nn\u00f6t luvanmyyntiin:\n\n<a href=\"http:\/\/www.kermajarvi.fi\/wp-content\/uploads\/2014\/06\/Viehekalastusalue_saannot_2018.pdf\" target=\"_blank\" rel=\"noopener noreferrer\">Viehekalastusalue saannot_2018<\/a> (PDF)\n--><br \/>\nAdobe Reader<\/p>\n<p>Mik\u00e4li selaimesi ei tue PDF-tiedostoja, niin ohjelman niiden lukemiseen voi ladata ilmaiseksi Adoben sivuilta.<br \/>\n<a href=\"http:\/\/get.adobe.com\/fi\/reader\/\" target=\"_blank\" rel=\"noopener noreferrer\">Lataa<\/a><\/p>\n","protected":false},"excerpt":{"rendered":"<p>Ohessa olevat dokumentit aukeavat linkki\u00e4 painamalla uuteen ikkunaan. Viehekalastusalue ja veneluistat : Viehekalastusalueen kartta\u00a0(PDF) Viehekalastusalue s\u00e4\u00e4nn\u00f6t (PDF) Huom! Tilinumero on muuttunut! Adobe Reader Mik\u00e4li selaimesi ei tue PDF-tiedostoja, niin ohjelman niiden lukemiseen voi ladata ilmaiseksi Adoben sivuilta. Lataa<\/p>\n","protected":false},"author":1,"featured_media":0,"parent":0,"menu_order":6,"comment_status":"open","ping_status":"open","template":"yleinen_sivupohja.php","meta":{"footnotes":""},"class_list":["post-189","page","type-page","status-publish","hentry"],"_links":{"self":[{"href":"https:\/\/www.kermajarvi.fi\/index.php?rest_route=\/wp\/v2\/pages\/189","targetHints":{"allow":["GET"]}}],"collection":[{"href":"https:\/\/www.kermajarvi.fi\/index.php?rest_route=\/wp\/v2\/pages"}],"about":[{"href":"https:\/\/www.kermajarvi.fi\/index.php?rest_route=\/wp\/v2\/types\/page"}],"author":[{"embeddable":true,"href":"https:\/\/www.kermajarvi.fi\/index.php?rest_route=\/wp\/v2\/users\/1"}],"replies":[{"embeddable":true,"href":"https:\/\/www.kermajarvi.fi\/index.php?rest_route=%2Fwp%2Fv2%2Fcomments&post=189"}],"version-history":[{"count":33,"href":"https:\/\/www.kermajarvi.fi\/index.php?rest_route=\/wp\/v2\/pages\/189\/revisions"}],"predecessor-version":[{"id":539,"href":"https:\/\/www.kermajarvi.fi\/index.php?rest_route=\/wp\/v2\/pages\/189\/revisions\/539"}],"wp:attachment":[{"href":"https:\/\/www.kermajarvi.fi\/index.php?rest_route=%2Fwp%2Fv2%2Fmedia&parent=189"}],"curies":[{"name":"wp","href":"https:\/\/api.w.org\/{rel}","templated":true}]}}